{"id":7215,"date":"2025-02-04T18:55:46","date_gmt":"2025-02-04T18:55:46","guid":{"rendered":"https:\/\/www.fluctua.it\/?page_id=7215"},"modified":"2025-02-13T16:54:42","modified_gmt":"2025-02-13T16:54:42","slug":"progetto","status":"publish","type":"page","link":"https:\/\/www.fluctua.it\/it\/progetto\/","title":{"rendered":"Progetto"},"content":{"rendered":"\t\t<div data-elementor-type=\"wp-page\" data-elementor-id=\"7215\" class=\"elementor elementor-7215\" data-elementor-post-type=\"page\">\n\t\t\t\t\t\t<section class=\"elementor-section elementor-top-section elementor-element elementor-element-8dab513 elementor-section-boxed elementor-section-height-default elementor-section-height-default qodef-elementor-content-no\" data-id=\"8dab513\" data-element_type=\"section\">\n\t\t\t\t\t\t<div class=\"elementor-container elementor-column-gap-default\">\n\t\t\t\t\t<div class=\"elementor-column elementor-col-100 elementor-top-column elementor-element elementor-element-009e869\" data-id=\"009e869\" data-element_type=\"column\">\n\t\t\t<div class=\"elementor-widget-wrap elementor-element-populated\">\n\t\t\t\t\t\t<div class=\"elementor-element elementor-element-d1e7601 elementor-widget elementor-widget-slider_revolution\" data-id=\"d1e7601\" data-element_type=\"widget\" data-widget_type=\"slider_revolution.default\">\n\t\t\t\t<div class=\"elementor-widget-container\">\n\t\t\t\t\t\n\t\t<div class=\"wp-block-themepunch-revslider\">\n\t\t\t<!-- START faq REVOLUTION SLIDER 6.5.9 --><p class=\"rs-p-wp-fix\"><\/p>\n\t\t\t<rs-module-wrap id=\"rev_slider_10_1_wrapper\" data-source=\"gallery\" style=\"visibility:hidden;background:transparent;padding:0;margin:0px auto;margin-top:0;margin-bottom:0;\">\n\t\t\t\t<rs-module id=\"rev_slider_10_1\" style=\"\" data-version=\"6.5.9\">\n\t\t\t\t\t<rs-slides>\n\t\t\t\t\t\t<rs-slide style=\"position: absolute;\" data-key=\"rs-14\" data-title=\"Slide\" data-in=\"o:0;\" data-out=\"a:false;\">\n\t\t\t\t\t\t\t<img fetchpriority=\"high\" decoding=\"async\" src=\"\/\/www.fluctua.it\/wp-content\/plugins\/revslider\/public\/assets\/assets\/dummy.png\" alt=\"a\" title=\"404-img\" width=\"1920\" height=\"1100\" class=\"rev-slidebg tp-rs-img rs-lazyload\" data-lazyload=\"\/\/www.fluctua.it\/wp-content\/uploads\/2021\/08\/404-img.jpg\" data-parallax=\"off\" data-no-retina>\n<!--\n\t\t\t\t\t\t\t--><rs-layer\n\t\t\t\t\t\t\t\tid=\"slider-10-slide-14-layer-0\" \n\t\t\t\t\t\t\t\tdata-type=\"text\"\n\t\t\t\t\t\t\t\tdata-xy=\"x:c;xo:22px,1px,-1px,0;y:m;yo:44px,24px,28px,-46px;\"\n\t\t\t\t\t\t\t\tdata-text=\"w:normal;s:40,35,35,25;l:40;ls:3px;a:center;\"\n\t\t\t\t\t\t\t\tdata-basealign=\"slide\"\n\t\t\t\t\t\t\t\tdata-rsp_o=\"off\"\n\t\t\t\t\t\t\t\tdata-rsp_bd=\"off\"\n\t\t\t\t\t\t\t\tdata-frame_0=\"x:50;\"\n\t\t\t\t\t\t\t\tdata-frame_1=\"e:slow;st:470;sp:900;sR:470;\"\n\t\t\t\t\t\t\t\tdata-frame_999=\"o:0;e:power2.in;st:w;sp:1000;sR:2130;\"\n\t\t\t\t\t\t\t\tstyle=\"z-index:14;font-family:'Cormorant Garamond';text-transform:uppercase;\"\n\t\t\t\t\t\t\t>Takes you sailing  \n\t\t\t\t\t\t\t<\/rs-layer><!--\n\n\t\t\t\t\t\t\t--><rs-layer\n\t\t\t\t\t\t\t\tid=\"slider-10-slide-14-layer-3\" \n\t\t\t\t\t\t\t\tdata-type=\"text\"\n\t\t\t\t\t\t\t\tdata-xy=\"x:c;xo:25px,0,0,0;y:m;yo:-37px,-44px,-44px,-104px;\"\n\t\t\t\t\t\t\t\tdata-text=\"w:normal;s:80,70,70,50;l:80;ls:3px;fw:500;a:center;\"\n\t\t\t\t\t\t\t\tdata-basealign=\"slide\"\n\t\t\t\t\t\t\t\tdata-rsp_o=\"off\"\n\t\t\t\t\t\t\t\tdata-rsp_bd=\"off\"\n\t\t\t\t\t\t\t\tdata-frame_0=\"x:50;\"\n\t\t\t\t\t\t\t\tdata-frame_1=\"e:slow;st:470;sp:900;sR:470;\"\n\t\t\t\t\t\t\t\tdata-frame_999=\"o:0;e:power2.in;st:w;sp:1000;sR:2130;\"\n\t\t\t\t\t\t\t\tstyle=\"z-index:13;font-family:'Cormorant Garamond';text-transform:uppercase;\"\n\t\t\t\t\t\t\t>FLUCTUA \n\t\t\t\t\t\t\t<\/rs-layer><!--\n-->\t\t\t\t\t\t<\/rs-slide>\n\t\t\t\t\t<\/rs-slides>\n\t\t\t\t<\/rs-module>\n\t\t\t\t<script type=\"text\/javascript\">\n\t\t\t\t\tsetREVStartSize({c: 'rev_slider_10_1',rl:[1240,1024,778,480],el:[550,550,700,700],gw:[1240,1024,778,480],gh:[550,550,700,700],type:'standard',justify:'',layout:'fullwidth',mh:\"0\"});if (window.RS_MODULES!==undefined && window.RS_MODULES.modules!==undefined && window.RS_MODULES.modules[\"revslider101\"]!==undefined) {window.RS_MODULES.modules[\"revslider101\"].once = false;window.revapi10 = undefined;if (window.RS_MODULES.checkMinimal!==undefined) window.RS_MODULES.checkMinimal()}\n\t\t\t\t<\/script>\n\t\t\t<\/rs-module-wrap>\n\t\t\t<!-- END REVOLUTION SLIDER -->\n<\/div>\n\n\t\t\t\t\t\t<\/div>\n\t\t\t\t<\/div>\n\t\t\t\t\t<\/div>\n\t\t<\/div>\n\t\t\t\t\t<\/div>\n\t\t<\/section>\n\t\t\t\t<section class=\"elementor-section elementor-top-section elementor-element elementor-element-818f90a elementor-section-full_width qodef-elementor-content-grid elementor-section-height-default elementor-section-height-default\" data-id=\"818f90a\" data-element_type=\"section\">\n\t\t\t\t\t\t<div class=\"elementor-container elementor-column-gap-default\">\n\t\t\t\t\t<div class=\"elementor-column elementor-col-100 elementor-top-column elementor-element elementor-element-e340154\" data-id=\"e340154\" data-element_type=\"column\">\n\t\t\t<div class=\"elementor-widget-wrap elementor-element-populated\">\n\t\t\t\t\t\t<div class=\"elementor-element elementor-element-4d75576 elementor-widget elementor-widget-seafarer_core_section_title\" data-id=\"4d75576\" data-element_type=\"widget\" data-widget_type=\"seafarer_core_section_title.default\">\n\t\t\t\t<div class=\"elementor-widget-container\">\n\t\t\t\t\t<div class=\"qodef-shortcode qodef-m  qodef-section-title qodef-alignment--center \">\n\t\t<div class=\"qodef-m-content\">\n\t\t    <span class=\"qodef-m-background-text\" >\n    Explore    <\/span>\n\n\t\t    <h6 class=\"qodef-m-subtitle\" >\n    Fluctua    <\/h6>\n\t\t\t<h1 class=\"qodef-m-title\" >\n\t\t\t\t\tProgetto\t\t\t<\/h1>\n\t\t\t<p class=\"qodef-m-text\" >Finanziato con fondi dell\u2019Unione Europea<\/p>\n\t<\/div>\n<\/div>\n\t\t\t\t<\/div>\n\t\t\t\t<\/div>\n\t\t\t\t\t<\/div>\n\t\t<\/div>\n\t\t\t\t\t<\/div>\n\t\t<\/section>\n\t\t\t\t<section class=\"elementor-section elementor-top-section elementor-element elementor-element-d381377 elementor-section-boxed elementor-section-height-default elementor-section-height-default qodef-elementor-content-no\" data-id=\"d381377\" data-element_type=\"section\">\n\t\t\t\t\t\t<div class=\"elementor-container elementor-column-gap-default\">\n\t\t\t\t\t<div class=\"elementor-column elementor-col-100 elementor-top-column elementor-element elementor-element-ccd90d7\" data-id=\"ccd90d7\" data-element_type=\"column\">\n\t\t\t<div class=\"elementor-widget-wrap elementor-element-populated\">\n\t\t\t\t\t\t<div class=\"elementor-element elementor-element-1c2cdab elementor-widget elementor-widget-text-editor\" data-id=\"1c2cdab\" data-element_type=\"widget\" data-widget_type=\"text-editor.default\">\n\t\t\t\t<div class=\"elementor-widget-container\">\n\t\t\t\t\t\t\t\t\t<p>Il progetto Fluctua more \u00e8 stato cofinanziato dall\u2019Unione Europea PO FESR Sicilia 2014-2020.<br \/>Il progetto ha previsto l\u2019acquisto di una imbarcazione per fornire servizi turistici di qualit\u00e0.<\/p><p>Il beneficiario \u00e8 l\u2019impresa Flucuta S.r.l.<\/p><p>L\u2019obiettivo raggiunto dal progetto \u00e8 stato quello della diversificazione dell\u2019attivit\u00e0 della societ\u00e0 che, acquisendo un&#8217;imbarcazione equipaggiata ed interamente dedicata ad erogare servizi turistici in proprio, \u00e8 quindi passata dalla sola erogazione di servizi di brokeraggio alla vendita di servizi specialistici per un turismo nautico sostenibile e responsabile. La creazione di una nuova identit\u00e0 visiva e la creazione di un sito web e canali social dedicati rappresenta il canale di vendita privilegiato per raggiungere un mercato in costante crescita in Sicilia. I dati acquisiti dalle ricerche di mercato e dalla consultazione delle statistiche ufficiali, mostrano come il trend di arrivi e soggiorni in Sicilia sia infatti sempre in continuo aumento negli ultimi 3 anni.<\/p><p>Il progetto si rivolge in particolare al viaggiatore alla ricerca di esperienze turistiche autentiche e l&#8217;intero modello di business \u00e8 fortemente ancorato al concetto di turismo responsabile e sostenibile, in coerenza con la strategia regionale per l&#8217;innovazione e gli obiettivi del PO FESR 2014-2020.<\/p><p>Importo dell\u2019intervento: 240.500,00 \u20ac<br \/>Data di inizio intervento: 27\/01\/23. Data di fine intervento: 27\/09\/23<\/p>\t\t\t\t\t\t\t\t<\/div>\n\t\t\t\t<\/div>\n\t\t\t\t\t<\/div>\n\t\t<\/div>\n\t\t\t\t\t<\/div>\n\t\t<\/section>\n\t\t\t\t<section class=\"elementor-section elementor-top-section elementor-element elementor-element-97d86af elementor-section-boxed elementor-section-height-default elementor-section-height-default qodef-elementor-content-no\" data-id=\"97d86af\" data-element_type=\"section\">\n\t\t\t\t\t\t<div class=\"elementor-container elementor-column-gap-default\">\n\t\t\t\t\t<div class=\"elementor-column elementor-col-100 elementor-top-column elementor-element elementor-element-4564e5d\" data-id=\"4564e5d\" data-element_type=\"column\">\n\t\t\t<div class=\"elementor-widget-wrap elementor-element-populated\">\n\t\t\t\t\t\t<div class=\"elementor-element elementor-element-c7ae320 elementor-widget elementor-widget-text-editor\" data-id=\"c7ae320\" data-element_type=\"widget\" data-widget_type=\"text-editor.default\">\n\t\t\t\t<div class=\"elementor-widget-container\">\n\t\t\t\t\t\t\t\t\t<h3 style=\"text-align: center;\">* * * <\/h3>\t\t\t\t\t\t\t\t<\/div>\n\t\t\t\t<\/div>\n\t\t\t\t\t<\/div>\n\t\t<\/div>\n\t\t\t\t\t<\/div>\n\t\t<\/section>\n\t\t\t\t<section class=\"elementor-section elementor-top-section elementor-element elementor-element-f964d24 elementor-section-boxed elementor-section-height-default elementor-section-height-default qodef-elementor-content-no\" data-id=\"f964d24\" data-element_type=\"section\">\n\t\t\t\t\t\t<div class=\"elementor-container elementor-column-gap-default\">\n\t\t\t\t\t<div class=\"elementor-column elementor-col-100 elementor-top-column elementor-element elementor-element-6b6a36a\" data-id=\"6b6a36a\" data-element_type=\"column\">\n\t\t\t<div class=\"elementor-widget-wrap elementor-element-populated\">\n\t\t\t\t\t\t<div class=\"elementor-element elementor-element-b78172f elementor-widget elementor-widget-text-editor\" data-id=\"b78172f\" data-element_type=\"widget\" data-widget_type=\"text-editor.default\">\n\t\t\t\t<div class=\"elementor-widget-container\">\n\t\t\t\t\t\t\t\t\t<p>The Fluctua more project was co-financed by the European Union PO FESR Sicily 2014-2020.<\/p><p>The project involved the purchase of a boat to provide quality tourist services.<\/p><p>The beneficiary is the company Flucuta s.r.l.<\/p><p>The objective achieved by the project was to diversify the company&#8217;s activity which, by acquiring a boat equipped and entirely dedicated to providing tourist services on its own, has therefore moved from the sole provision of brokerage services to the sale of specialized services for sustainable and responsible nautical tourism. The creation of a new visual identity and the creation of a website and dedicated social channels represents the privileged sales channel to reach a constantly growing market in Sicily. The data acquired from market research and the consultation of official statistics show how the trend of arrivals and stays in Sicily has in fact been constantly increasing over the last 3 years.<\/p><p>The project is aimed in particular at the traveler looking for authentic tourist experiences and the entire business model is strongly anchored to the concept of responsible and sustainable tourism, in line with the regional strategy for innovation and the objectives of the OP FESR 2014-2020.<\/p><p>Amount of the intervention: \u20ac240,500.00<\/p><p>Start date of intervention: 01\/27\/23. End date of intervention: 09\/27\/23<\/p>\t\t\t\t\t\t\t\t<\/div>\n\t\t\t\t<\/div>\n\t\t\t\t\t<\/div>\n\t\t<\/div>\n\t\t\t\t\t<\/div>\n\t\t<\/section>\n\t\t\t\t<section class=\"elementor-section elementor-top-section elementor-element elementor-element-e7e51d4 elementor-section-boxed elementor-section-height-default elementor-section-height-default qodef-elementor-content-no\" data-id=\"e7e51d4\" data-element_type=\"section\">\n\t\t\t\t\t\t<div class=\"elementor-container elementor-column-gap-default\">\n\t\t\t\t\t<div class=\"elementor-column elementor-col-100 elementor-top-column elementor-element elementor-element-1bf4f0b\" data-id=\"1bf4f0b\" data-element_type=\"column\">\n\t\t\t<div class=\"elementor-widget-wrap elementor-element-populated\">\n\t\t\t\t\t\t<div class=\"elementor-element elementor-element-fad0bdb elementor-widget elementor-widget-spacer\" data-id=\"fad0bdb\" data-element_type=\"widget\" data-widget_type=\"spacer.default\">\n\t\t\t\t<div class=\"elementor-widget-container\">\n\t\t\t\t\t\t\t<div class=\"elementor-spacer\">\n\t\t\t<div class=\"elementor-spacer-inner\"><\/div>\n\t\t<\/div>\n\t\t\t\t\t\t<\/div>\n\t\t\t\t<\/div>\n\t\t\t\t\t<\/div>\n\t\t<\/div>\n\t\t\t\t\t<\/div>\n\t\t<\/section>\n\t\t\t\t<\/div>\n\t\t","protected":false},"excerpt":{"rendered":"<p>Explore Fluctua Progetto Finanziato con fondi dell\u2019Unione Europea Il progetto Fluctua more \u00e8 stato cofinanziato dall\u2019Unione Europea PO FESR Sicilia 2014-2020.Il progetto ha previsto l\u2019acquisto di una imbarcazione per fornire servizi turistici di qualit\u00e0. Il beneficiario \u00e8 l\u2019impresa Flucuta S.r.l. L\u2019obiettivo raggiunto dal progetto \u00e8 stato quello della diversificazione dell\u2019attivit\u00e0 della societ\u00e0 che, acquisendo un&#8217;imbarcazione [&hellip;]<\/p>\n","protected":false},"author":1,"featured_media":0,"parent":0,"menu_order":0,"comment_status":"closed","ping_status":"closed","template":"page-full-width.php","meta":{"footnotes":""},"class_list":["post-7215","page","type-page","status-publish","hentry"],"yoast_head":"<!-- This site is optimized with the Yoast SEO plugin v24.8.1 - https:\/\/yoast.com\/wordpress\/plugins\/seo\/ -->\n<title>Progetto - Fluctua<\/title>\n<meta name=\"robots\" content=\"noindex, nofollow\" \/>\n<meta property=\"og:locale\" content=\"it_IT\" \/>\n<meta property=\"og:type\" content=\"article\" \/>\n<meta property=\"og:title\" content=\"Progetto - Fluctua\" \/>\n<meta property=\"og:description\" content=\"Explore Fluctua Progetto Finanziato con fondi dell\u2019Unione Europea Il progetto Fluctua more \u00e8 stato cofinanziato dall\u2019Unione Europea PO FESR Sicilia 2014-2020.Il progetto ha previsto l\u2019acquisto di una imbarcazione per fornire servizi turistici di qualit\u00e0. Il beneficiario \u00e8 l\u2019impresa Flucuta S.r.l. L\u2019obiettivo raggiunto dal progetto \u00e8 stato quello della diversificazione dell\u2019attivit\u00e0 della societ\u00e0 che, acquisendo un&#8217;imbarcazione [&hellip;]\" \/>\n<meta property=\"og:url\" content=\"https:\/\/www.fluctua.it\/it\/progetto\/\" \/>\n<meta property=\"og:site_name\" content=\"Fluctua\" \/>\n<meta property=\"article:modified_time\" content=\"2025-02-13T16:54:42+00:00\" \/>\n<meta name=\"twitter:card\" content=\"summary_large_image\" \/>\n<meta name=\"twitter:label1\" content=\"Tempo di lettura stimato\" \/>\n\t<meta name=\"twitter:data1\" content=\"3 minuti\" \/>\n<script type=\"application\/ld+json\" class=\"yoast-schema-graph\">{\"@context\":\"https:\/\/schema.org\",\"@graph\":[{\"@type\":\"WebPage\",\"@id\":\"https:\/\/www.fluctua.it\/it\/progetto\/\",\"url\":\"https:\/\/www.fluctua.it\/it\/progetto\/\",\"name\":\"Progetto - Fluctua\",\"isPartOf\":{\"@id\":\"https:\/\/www.fluctua.it\/it\/#website\"},\"datePublished\":\"2025-02-04T18:55:46+00:00\",\"dateModified\":\"2025-02-13T16:54:42+00:00\",\"breadcrumb\":{\"@id\":\"https:\/\/www.fluctua.it\/it\/progetto\/#breadcrumb\"},\"inLanguage\":\"it-IT\",\"potentialAction\":[{\"@type\":\"ReadAction\",\"target\":[\"https:\/\/www.fluctua.it\/it\/progetto\/\"]}]},{\"@type\":\"BreadcrumbList\",\"@id\":\"https:\/\/www.fluctua.it\/it\/progetto\/#breadcrumb\",\"itemListElement\":[{\"@type\":\"ListItem\",\"position\":1,\"name\":\"Home\",\"item\":\"https:\/\/www.fluctua.it\/it\/\"},{\"@type\":\"ListItem\",\"position\":2,\"name\":\"Progetto\"}]},{\"@type\":\"WebSite\",\"@id\":\"https:\/\/www.fluctua.it\/it\/#website\",\"url\":\"https:\/\/www.fluctua.it\/it\/\",\"name\":\"Fluctua\",\"description\":\"Takes you sailing\",\"publisher\":{\"@id\":\"https:\/\/www.fluctua.it\/it\/#organization\"},\"potentialAction\":[{\"@type\":\"SearchAction\",\"target\":{\"@type\":\"EntryPoint\",\"urlTemplate\":\"https:\/\/www.fluctua.it\/it\/?s={search_term_string}\"},\"query-input\":{\"@type\":\"PropertyValueSpecification\",\"valueRequired\":true,\"valueName\":\"search_term_string\"}}],\"inLanguage\":\"it-IT\"},{\"@type\":\"Organization\",\"@id\":\"https:\/\/www.fluctua.it\/it\/#organization\",\"name\":\"Fluctua\",\"url\":\"https:\/\/www.fluctua.it\/it\/\",\"logo\":{\"@type\":\"ImageObject\",\"inLanguage\":\"it-IT\",\"@id\":\"https:\/\/www.fluctua.it\/it\/#\/schema\/logo\/image\/\",\"url\":\"https:\/\/www.fluctua.it\/wp-content\/uploads\/2025\/02\/logo-fluctua.png\",\"contentUrl\":\"https:\/\/www.fluctua.it\/wp-content\/uploads\/2025\/02\/logo-fluctua.png\",\"width\":267,\"height\":115,\"caption\":\"Fluctua\"},\"image\":{\"@id\":\"https:\/\/www.fluctua.it\/it\/#\/schema\/logo\/image\/\"}}]}<\/script>\n<!-- \/ Yoast SEO plugin. -->","yoast_head_json":{"title":"Progetto - Fluctua","robots":{"index":"noindex","follow":"nofollow"},"og_locale":"it_IT","og_type":"article","og_title":"Progetto - Fluctua","og_description":"Explore Fluctua Progetto Finanziato con fondi dell\u2019Unione Europea Il progetto Fluctua more \u00e8 stato cofinanziato dall\u2019Unione Europea PO FESR Sicilia 2014-2020.Il progetto ha previsto l\u2019acquisto di una imbarcazione per fornire servizi turistici di qualit\u00e0. Il beneficiario \u00e8 l\u2019impresa Flucuta S.r.l. L\u2019obiettivo raggiunto dal progetto \u00e8 stato quello della diversificazione dell\u2019attivit\u00e0 della societ\u00e0 che, acquisendo un&#8217;imbarcazione [&hellip;]","og_url":"https:\/\/www.fluctua.it\/it\/progetto\/","og_site_name":"Fluctua","article_modified_time":"2025-02-13T16:54:42+00:00","twitter_card":"summary_large_image","twitter_misc":{"Tempo di lettura stimato":"3 minuti"},"schema":{"@context":"https:\/\/schema.org","@graph":[{"@type":"WebPage","@id":"https:\/\/www.fluctua.it\/it\/progetto\/","url":"https:\/\/www.fluctua.it\/it\/progetto\/","name":"Progetto - Fluctua","isPartOf":{"@id":"https:\/\/www.fluctua.it\/it\/#website"},"datePublished":"2025-02-04T18:55:46+00:00","dateModified":"2025-02-13T16:54:42+00:00","breadcrumb":{"@id":"https:\/\/www.fluctua.it\/it\/progetto\/#breadcrumb"},"inLanguage":"it-IT","potentialAction":[{"@type":"ReadAction","target":["https:\/\/www.fluctua.it\/it\/progetto\/"]}]},{"@type":"BreadcrumbList","@id":"https:\/\/www.fluctua.it\/it\/progetto\/#breadcrumb","itemListElement":[{"@type":"ListItem","position":1,"name":"Home","item":"https:\/\/www.fluctua.it\/it\/"},{"@type":"ListItem","position":2,"name":"Progetto"}]},{"@type":"WebSite","@id":"https:\/\/www.fluctua.it\/it\/#website","url":"https:\/\/www.fluctua.it\/it\/","name":"Fluctua","description":"Takes you sailing","publisher":{"@id":"https:\/\/www.fluctua.it\/it\/#organization"},"potentialAction":[{"@type":"SearchAction","target":{"@type":"EntryPoint","urlTemplate":"https:\/\/www.fluctua.it\/it\/?s={search_term_string}"},"query-input":{"@type":"PropertyValueSpecification","valueRequired":true,"valueName":"search_term_string"}}],"inLanguage":"it-IT"},{"@type":"Organization","@id":"https:\/\/www.fluctua.it\/it\/#organization","name":"Fluctua","url":"https:\/\/www.fluctua.it\/it\/","logo":{"@type":"ImageObject","inLanguage":"it-IT","@id":"https:\/\/www.fluctua.it\/it\/#\/schema\/logo\/image\/","url":"https:\/\/www.fluctua.it\/wp-content\/uploads\/2025\/02\/logo-fluctua.png","contentUrl":"https:\/\/www.fluctua.it\/wp-content\/uploads\/2025\/02\/logo-fluctua.png","width":267,"height":115,"caption":"Fluctua"},"image":{"@id":"https:\/\/www.fluctua.it\/it\/#\/schema\/logo\/image\/"}}]}},"_links":{"self":[{"href":"https:\/\/www.fluctua.it\/it\/wp-json\/wp\/v2\/pages\/7215","targetHints":{"allow":["GET"]}}],"collection":[{"href":"https:\/\/www.fluctua.it\/it\/wp-json\/wp\/v2\/pages"}],"about":[{"href":"https:\/\/www.fluctua.it\/it\/wp-json\/wp\/v2\/types\/page"}],"author":[{"embeddable":true,"href":"https:\/\/www.fluctua.it\/it\/wp-json\/wp\/v2\/users\/1"}],"replies":[{"embeddable":true,"href":"https:\/\/www.fluctua.it\/it\/wp-json\/wp\/v2\/comments?post=7215"}],"version-history":[{"count":8,"href":"https:\/\/www.fluctua.it\/it\/wp-json\/wp\/v2\/pages\/7215\/revisions"}],"predecessor-version":[{"id":7512,"href":"https:\/\/www.fluctua.it\/it\/wp-json\/wp\/v2\/pages\/7215\/revisions\/7512"}],"wp:attachment":[{"href":"https:\/\/www.fluctua.it\/it\/wp-json\/wp\/v2\/media?parent=7215"}],"curies":[{"name":"wp","href":"https:\/\/api.w.org\/{rel}","templated":true}]}}